{"id":275,"date":"2011-11-07T02:00:17","date_gmt":"2011-11-07T02:00:17","guid":{"rendered":"http:\/\/www.rolfhimmelberger.ch\/?page_id=275"},"modified":"2021-09-29T03:21:21","modified_gmt":"2021-09-29T01:21:21","slug":"accueil","status":"publish","type":"page","link":"https:\/\/www.rolfhimmelberger.ch\/","title":{"rendered":"Accueil"},"content":{"rendered":"<p><strong>Bienvenue sur le site web de Rolf Himmelberger !<\/strong><\/p>\n<p>Bienvenue dans mon site web.<\/p>\n<p>Ce site va contenir des informations bas\u00e9es principalement sur mes activit\u00e9s militantes. Il va se compl\u00e9ter et d\u00e9velopper au fur et \u00e0 mesure de l&rsquo;avancement de son \u00e9laboration.<\/p>\n<p>Prochainement, vous aurez le plaisir de d\u00e9couvrir des informations sur les droits des malades, les assurances-maladie, la psychiatrie, la pelade, la politique et \u00e9ventuellement d&rsquo;autres domaines.<\/p>\n<p>Ce site fonctionnant \u00e9galement \u00e0 la mani\u00e8re d&rsquo;un blog, vous avez la possibilit\u00e9 d&rsquo;\u00e9crire un commentaire au bas de chaque page. Les commentaires constructifs (m\u00eame s&rsquo;ils sont critiques) figureront sur le site.<\/p>\n<p>Merci de ne pas mettre de commentaires faisant de la publicit\u00e9 pour des produits que vous vendez ou de me faire de la publicit\u00e9 pour am\u00e9liorer mes ventes. Je ne vends rien du tout !<\/p>\n<p>Rolf Himmelberger<\/p>\n<p>&nbsp;<\/p>\n","protected":false},"excerpt":{"rendered":"<p>Bienvenue sur le site web de Rolf Himmelberger ! Bienvenue dans mon site web. Ce site va contenir des informations bas\u00e9es principalement sur mes activit\u00e9s militantes. Il va se compl\u00e9ter et d\u00e9velopper au fur et \u00e0 mesure de l&rsquo;avancement de &hellip; <a href=\"https:\/\/www.rolfhimmelberger.ch\/\">Continuer la lecture <span class=\"meta-nav\">&rarr;<\/span><\/a><\/p>\n","protected":false},"author":1,"featured_media":0,"parent":0,"menu_order":0,"comment_status":"closed","ping_status":"closed","template":"","meta":{"footnotes":""},"class_list":["post-275","page","type-page","status-publish","hentry"],"_links":{"self":[{"href":"https:\/\/www.rolfhimmelberger.ch\/index.php?rest_route=\/wp\/v2\/pages\/275","targetHints":{"allow":["GET"]}}],"collection":[{"href":"https:\/\/www.rolfhimmelberger.ch\/index.php?rest_route=\/wp\/v2\/pages"}],"about":[{"href":"https:\/\/www.rolfhimmelberger.ch\/index.php?rest_route=\/wp\/v2\/types\/page"}],"author":[{"embeddable":true,"href":"https:\/\/www.rolfhimmelberger.ch\/index.php?rest_route=\/wp\/v2\/users\/1"}],"replies":[{"embeddable":true,"href":"https:\/\/www.rolfhimmelberger.ch\/index.php?rest_route=%2Fwp%2Fv2%2Fcomments&post=275"}],"version-history":[{"count":17,"href":"https:\/\/www.rolfhimmelberger.ch\/index.php?rest_route=\/wp\/v2\/pages\/275\/revisions"}],"predecessor-version":[{"id":799,"href":"https:\/\/www.rolfhimmelberger.ch\/index.php?rest_route=\/wp\/v2\/pages\/275\/revisions\/799"}],"wp:attachment":[{"href":"https:\/\/www.rolfhimmelberger.ch\/index.php?rest_route=%2Fwp%2Fv2%2Fmedia&parent=275"}],"curies":[{"name":"wp","href":"https:\/\/api.w.org\/{rel}","templated":true}]}}